{"id":1849,"date":"2023-04-24T14:45:48","date_gmt":"2023-04-24T14:45:48","guid":{"rendered":"https:\/\/canamins.switch.makemagik.com\/ui-preview\/"},"modified":"2023-05-02T13:49:42","modified_gmt":"2023-05-02T13:49:42","slug":"ui-preview","status":"publish","type":"page","link":"https:\/\/canamins.com\/fr\/ui-preview\/","title":{"rendered":"UI-preview"},"content":{"rendered":"\t\t<div data-elementor-type=\"wp-page\" data-elementor-id=\"1849\" class=\"elementor elementor-1849 elementor-792\" data-elementor-post-type=\"page\">\n\t\t\t\t<div class=\"elementor-element elementor-element-75479b4 e-flex e-con-boxed e-con e-parent\" data-id=\"75479b4\" data-element_type=\"container\" data-e-type=\"container\">\n\t\t\t\t\t<div class=\"e-con-inner\">\n\t\t<div class=\"elementor-element elementor-element-bf73398 e-con-full e-flex e-con e-parent\" data-id=\"bf73398\" data-element_type=\"container\" data-e-type=\"container\">\n\t\t\t\t<div class=\"elementor-element elementor-element-255fed4 elementor-widget elementor-widget-text-editor\" data-id=\"255fed4\" data-element_type=\"widget\" data-e-type=\"widget\" data-widget_type=\"text-editor.default\">\n\t\t\t\t<div class=\"elementor-widget-container\">\n\t\t\t\t\t\t\t\t\t<h1>1. Votre sp\u00e9cialiste de confiance en mati\u00e8re d&rsquo;assurance voyage<\/h1>\n<h2>2. Votre sp\u00e9cialiste de confiance en mati\u00e8re d&rsquo;assurance voyage<\/h2>\n<h3>3. Votre sp\u00e9cialiste de confiance en mati\u00e8re d&rsquo;assurance voyage<\/h3>\n<h4>4. Votre sp\u00e9cialiste de confiance en mati\u00e8re d&rsquo;assurance voyage<\/h4>\n<h5>5. Votre sp\u00e9cialiste de confiance en mati\u00e8re d&rsquo;assurance voyage<\/h5>\n<h5>6. Votre sp\u00e9cialiste de confiance en mati\u00e8re d&rsquo;assurance voyage<\/h5>\n<p>CanAm se sp\u00e9cialise dans la gestion et l\u2019administration de l\u2019assurance voyage. <a href=\"#\">Depuis plus de 20 ans<\/a>, nous proposons des options concurrentielles et fiables qui aident nos partenaires \u00e0 fournir une qualit\u00e9 de service irr\u00e9prochable \u00e0 leurs clients.<\/p>\n<p>R\u00e9put\u00e9e pour ses innovations dans le domaine de l\u2019assurance voyage, CanAm travaille en \u00e9troite collaboration avec les compagnies d\u2019assurance et les promoteurs de r\u00e9gimes pour <a href=\"#\">offrir des outils de vente novateurs<\/a>, une technologie d\u2019\u00e9valuation des risques de pointe et des capacit\u00e9s de production de rapports compl\u00e8tes.<\/p>\n\t\t\t\t\t\t\t\t<\/div>\n\t\t\t\t<\/div>\n\t\t\t\t<div class=\"elementor-element elementor-element-abaa2e0 elementor-widget__width-auto elementor-widget elementor-widget-button\" data-id=\"abaa2e0\" data-element_type=\"widget\" data-e-type=\"widget\" data-widget_type=\"button.default\">\n\t\t\t\t<div class=\"elementor-widget-container\">\n\t\t\t\t\t\t\t\t\t<div class=\"elementor-button-wrapper\">\n\t\t\t\t\t<a class=\"elementor-button elementor-button-link elementor-size-sm\" href=\"#\">\n\t\t\t\t\t\t<span class=\"elementor-button-content-wrapper\">\n\t\t\t\t\t\t\t\t\t<span class=\"elementor-button-text\">Cliquez ici<\/span>\n\t\t\t\t\t<\/span>\n\t\t\t\t\t<\/a>\n\t\t\t\t<\/div>\n\t\t\t\t\t\t\t\t<\/div>\n\t\t\t\t<\/div>\n\t\t\t\t<div class=\"elementor-element elementor-element-58f37b2 elementor-widget__width-auto elementor-widget elementor-widget-button\" data-id=\"58f37b2\" data-element_type=\"widget\" data-e-type=\"widget\" data-widget_type=\"button.default\">\n\t\t\t\t<div class=\"elementor-widget-container\">\n\t\t\t\t\t\t\t\t\t<div class=\"elementor-button-wrapper\">\n\t\t\t\t\t<a class=\"elementor-button elementor-button-link elementor-size-md\" href=\"#\">\n\t\t\t\t\t\t<span class=\"elementor-button-content-wrapper\">\n\t\t\t\t\t\t\t\t\t<span class=\"elementor-button-text\">Cliquez ici<\/span>\n\t\t\t\t\t<\/span>\n\t\t\t\t\t<\/a>\n\t\t\t\t<\/div>\n\t\t\t\t\t\t\t\t<\/div>\n\t\t\t\t<\/div>\n\t\t\t\t<div class=\"elementor-element elementor-element-ae3c36b elementor-widget elementor-widget-button\" data-id=\"ae3c36b\" data-element_type=\"widget\" data-e-type=\"widget\" data-widget_type=\"button.default\">\n\t\t\t\t<div class=\"elementor-widget-container\">\n\t\t\t\t\t\t\t\t\t<div class=\"elementor-button-wrapper\">\n\t\t\t\t\t<a class=\"elementor-button elementor-button-link elementor-size-lg\" href=\"#\">\n\t\t\t\t\t\t<span class=\"elementor-button-content-wrapper\">\n\t\t\t\t\t\t\t\t\t<span class=\"elementor-button-text\">Cliquez ici<\/span>\n\t\t\t\t\t<\/span>\n\t\t\t\t\t<\/a>\n\t\t\t\t<\/div>\n\t\t\t\t\t\t\t\t<\/div>\n\t\t\t\t<\/div>\n\t\t\t\t<\/div>\n\t\t\t\t\t<\/div>\n\t\t\t\t<\/div>\n\t\t\t\t<\/div>\n\t\t","protected":false},"excerpt":{"rendered":"<p>1. Votre sp\u00e9cialiste de confiance en mati\u00e8re d&rsquo;assurance voyage 2. Votre sp\u00e9cialiste de confiance en mati\u00e8re d&rsquo;assurance voyage 3. Votre sp\u00e9cialiste de confiance en mati\u00e8re d&rsquo;assurance voyage 4. Votre sp\u00e9cialiste de confiance en mati\u00e8re d&rsquo;assurance voyage 5. Votre sp\u00e9cialiste de confiance en mati\u00e8re d&rsquo;assurance voyage 6. Votre sp\u00e9cialiste de confiance en mati\u00e8re d&rsquo;assurance voyage CanAm [&hellip;]<\/p>\n","protected":false},"author":2,"featured_media":0,"parent":0,"menu_order":0,"comment_status":"closed","ping_status":"closed","template":"","meta":{"footnotes":""},"class_list":["post-1849","page","type-page","status-publish","hentry"],"_links":{"self":[{"href":"https:\/\/canamins.com\/fr\/wp-json\/wp\/v2\/pages\/1849","targetHints":{"allow":["GET"]}}],"collection":[{"href":"https:\/\/canamins.com\/fr\/wp-json\/wp\/v2\/pages"}],"about":[{"href":"https:\/\/canamins.com\/fr\/wp-json\/wp\/v2\/types\/page"}],"author":[{"embeddable":true,"href":"https:\/\/canamins.com\/fr\/wp-json\/wp\/v2\/users\/2"}],"replies":[{"embeddable":true,"href":"https:\/\/canamins.com\/fr\/wp-json\/wp\/v2\/comments?post=1849"}],"version-history":[{"count":1,"href":"https:\/\/canamins.com\/fr\/wp-json\/wp\/v2\/pages\/1849\/revisions"}],"predecessor-version":[{"id":1850,"href":"https:\/\/canamins.com\/fr\/wp-json\/wp\/v2\/pages\/1849\/revisions\/1850"}],"wp:attachment":[{"href":"https:\/\/canamins.com\/fr\/wp-json\/wp\/v2\/media?parent=1849"}],"curies":[{"name":"wp","href":"https:\/\/api.w.org\/{rel}","templated":true}]}}