{"id":1851,"date":"2023-04-24T20:49:20","date_gmt":"2023-04-24T20:49:20","guid":{"rendered":"https:\/\/canamins.switch.makemagik.com\/a-propos-de-nous\/"},"modified":"2023-05-02T18:20:06","modified_gmt":"2023-05-02T18:20:06","slug":"a-propos-de-nous","status":"publish","type":"page","link":"https:\/\/canamins.com\/fr\/a-propos-de-nous\/","title":{"rendered":"\u00c0 propos de nous"},"content":{"rendered":"\t\t<div data-elementor-type=\"wp-page\" data-elementor-id=\"1851\" class=\"elementor elementor-1851 elementor-1032\" data-elementor-post-type=\"page\">\n\t\t\t\t<div class=\"elementor-element elementor-element-b7fca09 e-flex e-con-boxed e-con e-parent\" data-id=\"b7fca09\" data-element_type=\"container\" data-e-type=\"container\" data-settings=\"{&quot;background_background&quot;:&quot;classic&quot;}\">\n\t\t\t\t\t<div class=\"e-con-inner\">\n\t\t\t\t<div class=\"elementor-element elementor-element-14f4414 elementor-widget elementor-widget-heading\" data-id=\"14f4414\" data-element_type=\"widget\" data-e-type=\"widget\" data-widget_type=\"heading.default\">\n\t\t\t\t<div class=\"elementor-widget-container\">\n\t\t\t\t\t<h1 class=\"elementor-heading-title elementor-size-default\">\u00c0 propos de nous<\/h1>\t\t\t\t<\/div>\n\t\t\t\t<\/div>\n\t\t\t\t\t<\/div>\n\t\t\t\t<\/div>\n\t\t<div class=\"elementor-element elementor-element-52dc709 e-flex e-con-boxed e-con e-parent\" data-id=\"52dc709\" data-element_type=\"container\" data-e-type=\"container\">\n\t\t\t\t\t<div class=\"e-con-inner\">\n\t\t<div class=\"elementor-element elementor-element-3a9e548 e-con-full e-flex e-con e-parent\" data-id=\"3a9e548\" data-element_type=\"container\" data-e-type=\"container\">\n\t\t\t\t<div class=\"elementor-element elementor-element-583bcc1 elementor-widget elementor-widget-heading\" data-id=\"583bcc1\" data-element_type=\"widget\" data-e-type=\"widget\" data-widget_type=\"heading.default\">\n\t\t\t\t<div class=\"elementor-widget-container\">\n\t\t\t\t\t<h2 class=\"elementor-heading-title elementor-size-default\">Votre sp\u00e9cialiste de confiance en mati\u00e8re d\u2019assurance voyage<\/h2>\t\t\t\t<\/div>\n\t\t\t\t<\/div>\n\t\t\t\t<div class=\"elementor-element elementor-element-838cc84 elementor-widget elementor-widget-text-editor\" data-id=\"838cc84\" data-element_type=\"widget\" data-e-type=\"widget\" data-widget_type=\"text-editor.default\">\n\t\t\t\t<div class=\"elementor-widget-container\">\n\t\t\t\t\t\t\t\t\t<p>CanAm se sp\u00e9cialise dans la gestion et l\u2019administration de l\u2019assurance voyage. Depuis plus de 20 ans, nous proposons des options concurrentielles et fiables qui aident nos partenaires \u00e0 fournir une qualit\u00e9 de service irr\u00e9prochable \u00e0 leurs clients. <\/p>\n<p>R\u00e9put\u00e9e pour ses innovations dans le domaine de l\u2019assurance voyage, CanAm travaille en \u00e9troite collaboration avec les compagnies d\u2019assurance et les promoteurs de r\u00e9gimes pour offrir des outils de vente novateurs, une technologie d\u2019\u00e9valuation des risques de pointe et des capacit\u00e9s de production de rapports compl\u00e8tes.<\/p>\n\t\t\t\t\t\t\t\t<\/div>\n\t\t\t\t<\/div>\n\t\t\t\t<\/div>\n\t\t\t\t<div class=\"elementor-element elementor-element-ea1b333 elementor-widget__width-initial elementor-widget elementor-widget-image\" data-id=\"ea1b333\" data-element_type=\"widget\" data-e-type=\"widget\" data-widget_type=\"image.default\">\n\t\t\t\t<div class=\"elementor-widget-container\">\n\t\t\t\t\t\t\t\t\t\t\t\t\t\t\t<img fetchpriority=\"high\" decoding=\"async\" width=\"2014\" height=\"1063\" src=\"https:\/\/canamins.com\/wp-content\/uploads\/aboutus.jpg\" class=\"attachment-full size-full wp-image-1049\" alt=\"\" srcset=\"https:\/\/canamins.com\/wp-content\/uploads\/aboutus.jpg 2014w, https:\/\/canamins.com\/wp-content\/uploads\/aboutus-768x405.jpg 768w, https:\/\/canamins.com\/wp-content\/uploads\/aboutus-1536x811.jpg 1536w\" sizes=\"(max-width: 2014px) 100vw, 2014px\" \/>\t\t\t\t\t\t\t\t\t\t\t\t\t\t\t<\/div>\n\t\t\t\t<\/div>\n\t\t\t\t\t<\/div>\n\t\t\t\t<\/div>\n\t\t<div class=\"elementor-element elementor-element-90cec86 e-flex e-con-boxed e-con e-parent\" data-id=\"90cec86\" data-element_type=\"container\" data-e-type=\"container\">\n\t\t\t\t\t<div class=\"e-con-inner\">\n\t\t<div class=\"elementor-element elementor-element-c4cd9dc e-con-full e-flex e-con e-parent\" data-id=\"c4cd9dc\" data-element_type=\"container\" data-e-type=\"container\">\n\t\t\t\t<div class=\"elementor-element elementor-element-bd65109 elementor-widget elementor-widget-text-editor\" data-id=\"bd65109\" data-element_type=\"widget\" data-e-type=\"widget\" data-widget_type=\"text-editor.default\">\n\t\t\t\t<div class=\"elementor-widget-container\">\n\t\t\t\t\t\t\t\t\t<h3>Nous proposons des solutions personnalis\u00e9es, y compris l\u2019\u00e9laboration de programmes et la coordination des campagnes, la cr\u00e9ation de plateformes de marque en ligne, et l\u2019acc\u00e8s \u00e0 un centre d\u2019appels multiservices bilingue.<\/h3>\n<p>Engag\u00e9e \u00e0 assurer un service \u00e0 la client\u00e8le de premier ordre et mue par l\u2019innovation technologique, CanAm offre la bonne protection au bon prix.<\/p>\n\t\t\t\t\t\t\t\t<\/div>\n\t\t\t\t<\/div>\n\t\t\t\t<\/div>\n\t\t<div class=\"elementor-element elementor-element-3478c50 e-con-full e-flex e-con e-parent\" data-id=\"3478c50\" data-element_type=\"container\" data-e-type=\"container\">\n\t\t\t\t<div class=\"elementor-element elementor-element-fd3b83c elementor-widget elementor-widget-image\" data-id=\"fd3b83c\" data-element_type=\"widget\" data-e-type=\"widget\" data-widget_type=\"image.default\">\n\t\t\t\t<div class=\"elementor-widget-container\">\n\t\t\t\t\t\t\t\t\t\t\t\t\t\t\t<img decoding=\"async\" width=\"323\" height=\"47\" src=\"https:\/\/canamins.com\/wp-content\/uploads\/trafalgar.png\" class=\"attachment-large size-large wp-image-1044\" alt=\"\" \/>\t\t\t\t\t\t\t\t\t\t\t\t\t\t\t<\/div>\n\t\t\t\t<\/div>\n\t\t\t\t<div class=\"elementor-element elementor-element-aace580 elementor-widget elementor-widget-image\" data-id=\"aace580\" data-element_type=\"widget\" data-e-type=\"widget\" data-widget_type=\"image.default\">\n\t\t\t\t<div class=\"elementor-widget-container\">\n\t\t\t\t\t\t\t\t\t\t\t\t\t\t\t<img decoding=\"async\" width=\"258\" height=\"113\" src=\"https:\/\/canamins.com\/wp-content\/uploads\/intact_fr-1.png\" class=\"attachment-full size-full wp-image-1788\" alt=\"\" \/>\t\t\t\t\t\t\t\t\t\t\t\t\t\t\t<\/div>\n\t\t\t\t<\/div>\n\t\t\t\t<div class=\"elementor-element elementor-element-96ca98c elementor-widget elementor-widget-image\" data-id=\"96ca98c\" data-element_type=\"widget\" data-e-type=\"widget\" data-widget_type=\"image.default\">\n\t\t\t\t<div class=\"elementor-widget-container\">\n\t\t\t\t\t\t\t\t\t\t\t\t\t\t\t<img loading=\"lazy\" decoding=\"async\" width=\"370\" height=\"145\" src=\"https:\/\/canamins.com\/wp-content\/uploads\/manuvie-1.png\" class=\"attachment-large size-large wp-image-1792\" alt=\"Logo Manuvie\" \/>\t\t\t\t\t\t\t\t\t\t\t\t\t\t\t<\/div>\n\t\t\t\t<\/div>\n\t\t\t\t<\/div>\n\t\t\t\t\t<\/div>\n\t\t\t\t<\/div>\n\t\t\t\t<\/div>\n\t\t","protected":false},"excerpt":{"rendered":"<p>\u00c0 propos de nous Votre sp\u00e9cialiste de confiance en mati\u00e8re d\u2019assurance voyage CanAm se sp\u00e9cialise dans la gestion et l\u2019administration de l\u2019assurance voyage. Depuis plus de 20 ans, nous proposons des options concurrentielles et fiables qui aident nos partenaires \u00e0 fournir une qualit\u00e9 de service irr\u00e9prochable \u00e0 leurs clients. R\u00e9put\u00e9e pour ses innovations dans le [&hellip;]<\/p>\n","protected":false},"author":2,"featured_media":0,"parent":0,"menu_order":0,"comment_status":"closed","ping_status":"closed","template":"","meta":{"footnotes":""},"class_list":["post-1851","page","type-page","status-publish","hentry"],"_links":{"self":[{"href":"https:\/\/canamins.com\/fr\/wp-json\/wp\/v2\/pages\/1851","targetHints":{"allow":["GET"]}}],"collection":[{"href":"https:\/\/canamins.com\/fr\/wp-json\/wp\/v2\/pages"}],"about":[{"href":"https:\/\/canamins.com\/fr\/wp-json\/wp\/v2\/types\/page"}],"author":[{"embeddable":true,"href":"https:\/\/canamins.com\/fr\/wp-json\/wp\/v2\/users\/2"}],"replies":[{"embeddable":true,"href":"https:\/\/canamins.com\/fr\/wp-json\/wp\/v2\/comments?post=1851"}],"version-history":[{"count":6,"href":"https:\/\/canamins.com\/fr\/wp-json\/wp\/v2\/pages\/1851\/revisions"}],"predecessor-version":[{"id":1944,"href":"https:\/\/canamins.com\/fr\/wp-json\/wp\/v2\/pages\/1851\/revisions\/1944"}],"wp:attachment":[{"href":"https:\/\/canamins.com\/fr\/wp-json\/wp\/v2\/media?parent=1851"}],"curies":[{"name":"wp","href":"https:\/\/api.w.org\/{rel}","templated":true}]}}