{"id":1853,"date":"2023-04-24T21:48:16","date_gmt":"2023-04-24T21:48:16","guid":{"rendered":"https:\/\/canamins.switch.makemagik.com\/services-aux-courtiers\/"},"modified":"2023-05-02T18:26:36","modified_gmt":"2023-05-02T18:26:36","slug":"services-aux-courtiers","status":"publish","type":"page","link":"https:\/\/canamins.com\/fr\/services-aux-courtiers\/","title":{"rendered":"Services aux courtiers"},"content":{"rendered":"\t\t<div data-elementor-type=\"wp-page\" data-elementor-id=\"1853\" class=\"elementor elementor-1853 elementor-1066\" data-elementor-post-type=\"page\">\n\t\t\t\t<div class=\"elementor-element elementor-element-b7fca09 e-flex e-con-boxed e-con e-parent\" data-id=\"b7fca09\" data-element_type=\"container\" data-e-type=\"container\" data-settings=\"{&quot;background_background&quot;:&quot;classic&quot;}\">\n\t\t\t\t\t<div class=\"e-con-inner\">\n\t\t\t\t<div class=\"elementor-element elementor-element-14f4414 elementor-widget__width-inherit elementor-widget elementor-widget-heading\" data-id=\"14f4414\" data-element_type=\"widget\" data-e-type=\"widget\" data-widget_type=\"heading.default\">\n\t\t\t\t<div class=\"elementor-widget-container\">\n\t\t\t\t\t<h5 class=\"elementor-heading-title elementor-size-default\">Services aux courtiers<\/h5>\t\t\t\t<\/div>\n\t\t\t\t<\/div>\n\t\t\t\t<div class=\"elementor-element elementor-element-21ac63c elementor-widget__width-initial elementor-widget elementor-widget-heading\" data-id=\"21ac63c\" data-element_type=\"widget\" data-e-type=\"widget\" data-widget_type=\"heading.default\">\n\t\t\t\t<div class=\"elementor-widget-container\">\n\t\t\t\t\t<h1 class=\"elementor-heading-title elementor-size-default\">Acc\u00e9dez \u00e0 un march\u00e9 lucratif en proposant l\u2019assurance voyage en plus de l\u2019assurance automobile, habitation et commerciale.<\/h1>\t\t\t\t<\/div>\n\t\t\t\t<\/div>\n\t\t\t\t\t<\/div>\n\t\t\t\t<\/div>\n\t\t<div class=\"elementor-element elementor-element-52dc709 e-flex e-con-boxed e-con e-parent\" data-id=\"52dc709\" data-element_type=\"container\" data-e-type=\"container\">\n\t\t\t\t\t<div class=\"e-con-inner\">\n\t\t<div class=\"elementor-element elementor-element-3a9e548 e-con-full e-flex e-con e-parent\" data-id=\"3a9e548\" data-element_type=\"container\" data-e-type=\"container\">\n\t\t\t\t<div class=\"elementor-element elementor-element-583bcc1 elementor-widget elementor-widget-heading\" data-id=\"583bcc1\" data-element_type=\"widget\" data-e-type=\"widget\" data-widget_type=\"heading.default\">\n\t\t\t\t<div class=\"elementor-widget-container\">\n\t\t\t\t\t<h2 class=\"elementor-heading-title elementor-size-default\">Augmentation des revenus<\/h2>\t\t\t\t<\/div>\n\t\t\t\t<\/div>\n\t\t\t\t<div class=\"elementor-element elementor-element-838cc84 elementor-widget elementor-widget-text-editor\" data-id=\"838cc84\" data-element_type=\"widget\" data-e-type=\"widget\" data-widget_type=\"text-editor.default\">\n\t\t\t\t<div class=\"elementor-widget-container\">\n\t\t\t\t\t\t\t\t\t<p>Le renouvellement des r\u00e9gimes annuels d\u2019assurance voyage peut vous procurer une nouvelle source de revenus. Qu\u2019ils voyagent hors de leur province ou du pays, vos clients ont besoin d\u2019une protection compl\u00e8te. <\/p>\n\t\t\t\t\t\t\t\t<\/div>\n\t\t\t\t<\/div>\n\t\t\t\t<div class=\"elementor-element elementor-element-a2e0c74 elementor-widget elementor-widget-heading\" data-id=\"a2e0c74\" data-element_type=\"widget\" data-e-type=\"widget\" data-widget_type=\"heading.default\">\n\t\t\t\t<div class=\"elementor-widget-container\">\n\t\t\t\t\t<h2 class=\"elementor-heading-title elementor-size-default\">Fid\u00e9lisation de la client\u00e8le<\/h2>\t\t\t\t<\/div>\n\t\t\t\t<\/div>\n\t\t\t\t<div class=\"elementor-element elementor-element-575da52 elementor-widget elementor-widget-text-editor\" data-id=\"575da52\" data-element_type=\"widget\" data-e-type=\"widget\" data-widget_type=\"text-editor.default\">\n\t\t\t\t<div class=\"elementor-widget-container\">\n\t\t\t\t\t\t\t\t\t<p>Ne vous laissez pas supplanter par la concurrence. L\u2019assurance voyage constitue un ajout de choix \u00e0 votre gamme de produits et un puissant moteur de fid\u00e9lisation de la client\u00e8le. <\/p>\n\t\t\t\t\t\t\t\t<\/div>\n\t\t\t\t<\/div>\n\t\t\t\t<div class=\"elementor-element elementor-element-a2d3e84 elementor-widget elementor-widget-heading\" data-id=\"a2d3e84\" data-element_type=\"widget\" data-e-type=\"widget\" data-widget_type=\"heading.default\">\n\t\t\t\t<div class=\"elementor-widget-container\">\n\t\t\t\t\t<h2 class=\"elementor-heading-title elementor-size-default\">\u00c9ventail de produits robuste<\/h2>\t\t\t\t<\/div>\n\t\t\t\t<\/div>\n\t\t\t\t<div class=\"elementor-element elementor-element-f902747 elementor-widget elementor-widget-text-editor\" data-id=\"f902747\" data-element_type=\"widget\" data-e-type=\"widget\" data-widget_type=\"text-editor.default\">\n\t\t\t\t<div class=\"elementor-widget-container\">\n\t\t\t\t\t\t\t\t\t<p>Gr\u00e2ce \u00e0 CanAm, votre partenaire en assurance voyage, vous pouvez offrir des r\u00e9gimes complets, vendre des assurances compl\u00e9mentaires et couvrir les affections pr\u00e9existantes avec PrimeLink TravelSense<sup>MC<\/sup>.<\/p>\n\t\t\t\t\t\t\t\t<\/div>\n\t\t\t\t<\/div>\n\t\t\t\t<\/div>\n\t\t\t\t<div class=\"elementor-element elementor-element-ea1b333 elementor-widget__width-initial elementor-widget elementor-widget-image\" data-id=\"ea1b333\" data-element_type=\"widget\" data-e-type=\"widget\" data-widget_type=\"image.default\">\n\t\t\t\t<div class=\"elementor-widget-container\">\n\t\t\t\t\t\t\t\t\t\t\t\t\t\t\t<img fetchpriority=\"high\" decoding=\"async\" width=\"986\" height=\"537\" src=\"https:\/\/canamins.com\/wp-content\/uploads\/broker-services-fountain.jpg\" class=\"attachment-full size-full wp-image-1158\" alt=\"\" srcset=\"https:\/\/canamins.com\/wp-content\/uploads\/broker-services-fountain.jpg 986w, https:\/\/canamins.com\/wp-content\/uploads\/broker-services-fountain-768x418.jpg 768w\" sizes=\"(max-width: 986px) 100vw, 986px\" \/>\t\t\t\t\t\t\t\t\t\t\t\t\t\t\t<\/div>\n\t\t\t\t<\/div>\n\t\t\t\t\t<\/div>\n\t\t\t\t<\/div>\n\t\t<div class=\"elementor-element elementor-element-90cec86 e-flex e-con-boxed e-con e-parent\" data-id=\"90cec86\" data-element_type=\"container\" data-e-type=\"container\">\n\t\t\t\t\t<div class=\"e-con-inner\">\n\t\t<div class=\"elementor-element elementor-element-c4cd9dc e-con-full e-flex e-con e-parent\" data-id=\"c4cd9dc\" data-element_type=\"container\" data-e-type=\"container\">\n\t\t\t\t<div class=\"elementor-element elementor-element-68bbb06 elementor-widget elementor-widget-heading\" data-id=\"68bbb06\" data-element_type=\"widget\" data-e-type=\"widget\" data-widget_type=\"heading.default\">\n\t\t\t\t<div class=\"elementor-widget-container\">\n\t\t\t\t\t<h2 class=\"elementor-heading-title elementor-size-default\">Expertise sur le march\u00e9 du voyage<\/h2>\t\t\t\t<\/div>\n\t\t\t\t<\/div>\n\t\t\t\t<div class=\"elementor-element elementor-element-1fe3f93 elementor-widget elementor-widget-text-editor\" data-id=\"1fe3f93\" data-element_type=\"widget\" data-e-type=\"widget\" data-widget_type=\"text-editor.default\">\n\t\t\t\t<div class=\"elementor-widget-container\">\n\t\t\t\t\t\t\t\t\t<p><strong>CanAm fait le gros du travail<\/strong> \u2013 ce qui \u00e9limine le risque de conjectures, d\u2019erreurs et d\u2019omissions \u2013 afin que vous puissiez offrir \u00e0 vos clients une assurance voyage de qualit\u00e9 lorsqu\u2019ils en ont le plus besoin.<\/p>\n\t\t\t\t\t\t\t\t<\/div>\n\t\t\t\t<\/div>\n\t\t\t\t<\/div>\n\t\t<div class=\"elementor-element elementor-element-8fde79f e-con-full e-flex e-con e-parent\" data-id=\"8fde79f\" data-element_type=\"container\" data-e-type=\"container\">\n\t\t\t\t<div class=\"elementor-element elementor-element-9f2bae5 elementor-widget elementor-widget-heading\" data-id=\"9f2bae5\" data-element_type=\"widget\" data-e-type=\"widget\" data-widget_type=\"heading.default\">\n\t\t\t\t<div class=\"elementor-widget-container\">\n\t\t\t\t\t<h2 class=\"elementor-heading-title elementor-size-default\">TravelWell<sup>MC<\/h2>\t\t\t\t<\/div>\n\t\t\t\t<\/div>\n\t\t\t\t<div class=\"elementor-element elementor-element-d7bd78f elementor-widget elementor-widget-text-editor\" data-id=\"d7bd78f\" data-element_type=\"widget\" data-e-type=\"widget\" data-widget_type=\"text-editor.default\">\n\t\t\t\t<div class=\"elementor-widget-container\">\n\t\t\t\t\t\t\t\t\t<p>Vous travaillez d\u00e9j\u00e0 avec Intact? Parlez-nous de TravelWell d\u00e8s aujourd&rsquo;hui ! <\/p>\n\t\t\t\t\t\t\t\t<\/div>\n\t\t\t\t<\/div>\n\t\t<div class=\"elementor-element elementor-element-18ef93c e-flex e-con-boxed e-con e-parent\" data-id=\"18ef93c\" data-element_type=\"container\" data-e-type=\"container\">\n\t\t\t\t\t<div class=\"e-con-inner\">\n\t\t<a class=\"elementor-element elementor-element-37fff12 e-con-full e-flex e-con e-parent\" data-id=\"37fff12\" data-element_type=\"container\" data-e-type=\"container\" data-settings=\"{&quot;background_background&quot;:&quot;classic&quot;}\" href=\"https:\/\/canamins.com\/fr\/taux\/\">\n\t\t\t\t<div class=\"elementor-element elementor-element-ef294e9 elementor-widget elementor-widget-image\" data-id=\"ef294e9\" data-element_type=\"widget\" data-e-type=\"widget\" data-widget_type=\"image.default\">\n\t\t\t\t<div class=\"elementor-widget-container\">\n\t\t\t\t\t\t\t\t\t\t\t\t\t\t\t<img decoding=\"async\" width=\"258\" height=\"113\" src=\"https:\/\/canamins.com\/wp-content\/uploads\/intact_fr-1.png\" class=\"attachment-full size-full wp-image-1788\" alt=\"\" \/>\t\t\t\t\t\t\t\t\t\t\t\t\t\t\t<\/div>\n\t\t\t\t<\/div>\n\t\t\t\t<div class=\"elementor-element elementor-element-be51be9 elementor-widget elementor-widget-heading\" data-id=\"be51be9\" data-element_type=\"widget\" data-e-type=\"widget\" data-widget_type=\"heading.default\">\n\t\t\t\t<div class=\"elementor-widget-container\">\n\t\t\t\t\t<h2 class=\"elementor-heading-title elementor-size-default\">TravelWell Extensions\n<\/h2>\t\t\t\t<\/div>\n\t\t\t\t<\/div>\n\t\t\t\t<\/a>\n\t\t<a class=\"elementor-element elementor-element-1688e4c e-con-full e-flex e-con e-parent\" data-id=\"1688e4c\" data-element_type=\"container\" data-e-type=\"container\" data-settings=\"{&quot;background_background&quot;:&quot;classic&quot;}\" href=\"https:\/\/canamins.com\/fr\/taux\/\">\n\t\t\t\t<div class=\"elementor-element elementor-element-e61dfc1 elementor-widget elementor-widget-image\" data-id=\"e61dfc1\" data-element_type=\"widget\" data-e-type=\"widget\" data-widget_type=\"image.default\">\n\t\t\t\t<div class=\"elementor-widget-container\">\n\t\t\t\t\t\t\t\t\t\t\t\t\t\t\t<img decoding=\"async\" width=\"184\" height=\"47\" src=\"https:\/\/canamins.com\/wp-content\/uploads\/trafalgar-2.png\" class=\"attachment-full size-full wp-image-1094\" alt=\"\" \/>\t\t\t\t\t\t\t\t\t\t\t\t\t\t\t<\/div>\n\t\t\t\t<\/div>\n\t\t\t\t<div class=\"elementor-element elementor-element-72704a3 elementor-widget elementor-widget-heading\" data-id=\"72704a3\" data-element_type=\"widget\" data-e-type=\"widget\" data-widget_type=\"heading.default\">\n\t\t\t\t<div class=\"elementor-widget-container\">\n\t\t\t\t\t<h2 class=\"elementor-heading-title elementor-size-default\">TravelWell Extensions\n<\/h2>\t\t\t\t<\/div>\n\t\t\t\t<\/div>\n\t\t\t\t<\/a>\n\t\t\t\t\t<\/div>\n\t\t\t\t<\/div>\n\t\t\t\t<\/div>\n\t\t<div class=\"elementor-element elementor-element-8ea5865 e-con-full e-flex e-con e-parent\" data-id=\"8ea5865\" data-element_type=\"container\" data-e-type=\"container\">\n\t\t\t\t<div class=\"elementor-element elementor-element-a66b66a elementor-widget elementor-widget-heading\" data-id=\"a66b66a\" data-element_type=\"widget\" data-e-type=\"widget\" data-widget_type=\"heading.default\">\n\t\t\t\t<div class=\"elementor-widget-container\">\n\t\t\t\t\t<h2 class=\"elementor-heading-title elementor-size-default\">Des outils pour vous aider<\/h2>\t\t\t\t<\/div>\n\t\t\t\t<\/div>\n\t\t\t\t<div class=\"elementor-element elementor-element-f242c9e elementor-widget elementor-widget-text-editor\" data-id=\"f242c9e\" data-element_type=\"widget\" data-e-type=\"widget\" data-widget_type=\"text-editor.default\">\n\t\t\t\t<div class=\"elementor-widget-container\">\n\t\t\t\t\t\t\t\t\t<p><strong>Vous n\u2019\u00eates pas laiss\u00e9 \u00e0 vous-m\u00eame.<\/strong> Nous avons \u00e0 c\u0153ur votre r\u00e9ussite et mettons \u00e0 votre disposition un soutien marketing, de la documentation sur les produits, des webinaires et un programme de formation, entre autres services \u00e9prouv\u00e9s.<\/p>\n\t\t\t\t\t\t\t\t<\/div>\n\t\t\t\t<\/div>\n\t\t\t\t<\/div>\n\t\t\t\t\t<\/div>\n\t\t\t\t<\/div>\n\t\t\t\t<\/div>\n\t\t","protected":false},"excerpt":{"rendered":"<p>Services aux courtiers Acc\u00e9dez \u00e0 un march\u00e9 lucratif en proposant l\u2019assurance voyage en plus de l\u2019assurance automobile, habitation et commerciale. Augmentation des revenus Le renouvellement des r\u00e9gimes annuels d\u2019assurance voyage peut vous procurer une nouvelle source de revenus. Qu\u2019ils voyagent hors de leur province ou du pays, vos clients ont besoin d\u2019une protection compl\u00e8te. Fid\u00e9lisation [&hellip;]<\/p>\n","protected":false},"author":2,"featured_media":0,"parent":0,"menu_order":0,"comment_status":"closed","ping_status":"closed","template":"","meta":{"footnotes":""},"class_list":["post-1853","page","type-page","status-publish","hentry"],"_links":{"self":[{"href":"https:\/\/canamins.com\/fr\/wp-json\/wp\/v2\/pages\/1853","targetHints":{"allow":["GET"]}}],"collection":[{"href":"https:\/\/canamins.com\/fr\/wp-json\/wp\/v2\/pages"}],"about":[{"href":"https:\/\/canamins.com\/fr\/wp-json\/wp\/v2\/types\/page"}],"author":[{"embeddable":true,"href":"https:\/\/canamins.com\/fr\/wp-json\/wp\/v2\/users\/2"}],"replies":[{"embeddable":true,"href":"https:\/\/canamins.com\/fr\/wp-json\/wp\/v2\/comments?post=1853"}],"version-history":[{"count":7,"href":"https:\/\/canamins.com\/fr\/wp-json\/wp\/v2\/pages\/1853\/revisions"}],"predecessor-version":[{"id":1951,"href":"https:\/\/canamins.com\/fr\/wp-json\/wp\/v2\/pages\/1853\/revisions\/1951"}],"wp:attachment":[{"href":"https:\/\/canamins.com\/fr\/wp-json\/wp\/v2\/media?parent=1853"}],"curies":[{"name":"wp","href":"https:\/\/api.w.org\/{rel}","templated":true}]}}