{"id":1861,"date":"2023-04-25T13:42:52","date_gmt":"2023-04-25T13:42:52","guid":{"rendered":"https:\/\/canamins.switch.makemagik.com\/solutions-daffaires\/"},"modified":"2023-05-02T18:33:16","modified_gmt":"2023-05-02T18:33:16","slug":"solutions-daffaires","status":"publish","type":"page","link":"https:\/\/canamins.com\/fr\/solutions-daffaires\/","title":{"rendered":"Solutions d&rsquo;affaires"},"content":{"rendered":"\t\t<div data-elementor-type=\"wp-page\" data-elementor-id=\"1861\" class=\"elementor elementor-1861 elementor-1327\" data-elementor-post-type=\"page\">\n\t\t\t\t<div class=\"elementor-element elementor-element-b7fca09 e-flex e-con-boxed e-con e-parent\" data-id=\"b7fca09\" data-element_type=\"container\" data-e-type=\"container\" data-settings=\"{&quot;background_background&quot;:&quot;classic&quot;}\">\n\t\t\t\t\t<div class=\"e-con-inner\">\n\t\t\t\t<div class=\"elementor-element elementor-element-14f4414 elementor-widget__width-inherit elementor-widget elementor-widget-heading\" data-id=\"14f4414\" data-element_type=\"widget\" data-e-type=\"widget\" data-widget_type=\"heading.default\">\n\t\t\t\t<div class=\"elementor-widget-container\">\n\t\t\t\t\t<h5 class=\"elementor-heading-title elementor-size-default\">Solutions d'affaires<\/h5>\t\t\t\t<\/div>\n\t\t\t\t<\/div>\n\t\t\t\t<div class=\"elementor-element elementor-element-21ac63c elementor-widget__width-initial elementor-widget elementor-widget-heading\" data-id=\"21ac63c\" data-element_type=\"widget\" data-e-type=\"widget\" data-widget_type=\"heading.default\">\n\t\t\t\t<div class=\"elementor-widget-container\">\n\t\t\t\t\t<h1 class=\"elementor-heading-title elementor-size-default\">Nos solutions d\u2019affaires et de groupe donnent un nouveau souffle \u00e0 votre offre de services d\u2019assurance voyage.<\/h1>\t\t\t\t<\/div>\n\t\t\t\t<\/div>\n\t\t\t\t\t<\/div>\n\t\t\t\t<\/div>\n\t\t<div class=\"elementor-element elementor-element-52dc709 e-flex e-con-boxed e-con e-parent\" data-id=\"52dc709\" data-element_type=\"container\" data-e-type=\"container\">\n\t\t\t\t\t<div class=\"e-con-inner\">\n\t\t<div class=\"elementor-element elementor-element-3a9e548 e-con-full e-flex e-con e-parent\" data-id=\"3a9e548\" data-element_type=\"container\" data-e-type=\"container\">\n\t\t\t\t<div class=\"elementor-element elementor-element-583bcc1 elementor-widget elementor-widget-heading\" data-id=\"583bcc1\" data-element_type=\"widget\" data-e-type=\"widget\" data-widget_type=\"heading.default\">\n\t\t\t\t<div class=\"elementor-widget-container\">\n\t\t\t\t\t<h2 class=\"elementor-heading-title elementor-size-default\">Service \u00e0 la client\u00e8le<\/h2>\t\t\t\t<\/div>\n\t\t\t\t<\/div>\n\t\t\t\t<div class=\"elementor-element elementor-element-838cc84 elementor-widget elementor-widget-text-editor\" data-id=\"838cc84\" data-element_type=\"widget\" data-e-type=\"widget\" data-widget_type=\"text-editor.default\">\n\t\t\t\t<div class=\"elementor-widget-container\">\n\t\t\t\t\t\t\t\t\t<p>CanAm propose les services de courtiers bilingues et un syst\u00e8me t\u00e9l\u00e9phonique int\u00e9gr\u00e9, ce qui simplifie la communication. Soucieuses des besoins du client, nos \u00e9quipes enregistrent tous les appels afin d\u2019assurer la qualit\u00e9 du service. Elles connaissent parfaitement leurs marques et agissent comme une extension de votre entreprise. <\/p>\n\t\t\t\t\t\t\t\t<\/div>\n\t\t\t\t<\/div>\n\t\t\t\t<div class=\"elementor-element elementor-element-455ddbd elementor-widget elementor-widget-heading\" data-id=\"455ddbd\" data-element_type=\"widget\" data-e-type=\"widget\" data-widget_type=\"heading.default\">\n\t\t\t\t<div class=\"elementor-widget-container\">\n\t\t\t\t\t<h2 class=\"elementor-heading-title elementor-size-default\">D\u00e9veloppement de produits<\/h2>\t\t\t\t<\/div>\n\t\t\t\t<\/div>\n\t\t\t\t<div class=\"elementor-element elementor-element-c17fe10 elementor-widget elementor-widget-text-editor\" data-id=\"c17fe10\" data-element_type=\"widget\" data-e-type=\"widget\" data-widget_type=\"text-editor.default\">\n\t\t\t\t<div class=\"elementor-widget-container\">\n\t\t\t\t\t\t\t\t\t<p>Vous disposez de solutions sur mesure et de strat\u00e9gies de vente adapt\u00e9es \u00e0 votre march\u00e9 cible. Vous b\u00e9n\u00e9ficiez \u00e9galement de notre technologie exclusive et novatrice d\u2019\u00e9valuation des risques, de garanties m\u00e9dicales et non m\u00e9dicales mixtes, ainsi que de l\u2019int\u00e9gration et de l\u2019optimisation des tarifs.. <\/p>\n\t\t\t\t\t\t\t\t<\/div>\n\t\t\t\t<\/div>\n\t\t\t\t<div class=\"elementor-element elementor-element-54c3244 elementor-widget elementor-widget-heading\" data-id=\"54c3244\" data-element_type=\"widget\" data-e-type=\"widget\" data-widget_type=\"heading.default\">\n\t\t\t\t<div class=\"elementor-widget-container\">\n\t\t\t\t\t<h2 class=\"elementor-heading-title elementor-size-default\">\u00c9valuation individuelle des risques<\/h2>\t\t\t\t<\/div>\n\t\t\t\t<\/div>\n\t\t\t\t<div class=\"elementor-element elementor-element-578c24a elementor-widget elementor-widget-text-editor\" data-id=\"578c24a\" data-element_type=\"widget\" data-e-type=\"widget\" data-widget_type=\"text-editor.default\">\n\t\t\t\t<div class=\"elementor-widget-container\">\n\t\t\t\t\t\t\t\t\t<p>Les outils de CanAm permettent de couvrir correctement et efficacement les clients souffrant d\u2019affections pr\u00e9existantes. Nous r\u00e9duisons les d\u00e9lais et les co\u00fbts n\u00e9cessaires pour \u00e9valuer les affections des clients qui pr\u00e9sentent un risque accru et offrons aux clients une exp\u00e9rience globalement plus satisfaisante. <\/p>\n\t\t\t\t\t\t\t\t<\/div>\n\t\t\t\t<\/div>\n\t\t\t\t<\/div>\n\t\t\t\t<div class=\"elementor-element elementor-element-ea1b333 elementor-widget__width-initial elementor-widget elementor-widget-image\" data-id=\"ea1b333\" data-element_type=\"widget\" data-e-type=\"widget\" data-widget_type=\"image.default\">\n\t\t\t\t<div class=\"elementor-widget-container\">\n\t\t\t\t\t\t\t\t\t\t\t\t\t\t\t<img fetchpriority=\"high\" decoding=\"async\" width=\"1353\" height=\"900\" src=\"https:\/\/canamins.com\/wp-content\/uploads\/italia.webp\" class=\"attachment-full size-full wp-image-1335\" alt=\"\" srcset=\"https:\/\/canamins.com\/wp-content\/uploads\/italia.webp 1353w, https:\/\/canamins.com\/wp-content\/uploads\/italia-768x511.webp 768w\" sizes=\"(max-width: 1353px) 100vw, 1353px\" \/>\t\t\t\t\t\t\t\t\t\t\t\t\t\t\t<\/div>\n\t\t\t\t<\/div>\n\t\t\t\t\t<\/div>\n\t\t\t\t<\/div>\n\t\t<div class=\"elementor-element elementor-element-85f26a6 e-flex e-con-boxed e-con e-parent\" data-id=\"85f26a6\" data-element_type=\"container\" data-e-type=\"container\">\n\t\t\t\t\t<div class=\"e-con-inner\">\n\t\t\t\t<div class=\"elementor-element elementor-element-7d9c4b2 elementor-widget__width-initial elementor-widget elementor-widget-image\" data-id=\"7d9c4b2\" data-element_type=\"widget\" data-e-type=\"widget\" data-widget_type=\"image.default\">\n\t\t\t\t<div class=\"elementor-widget-container\">\n\t\t\t\t\t\t\t\t\t\t\t\t\t\t\t<img decoding=\"async\" width=\"986\" height=\"378\" src=\"https:\/\/canamins.com\/wp-content\/uploads\/tablet_fr-2.jpg\" class=\"attachment-full size-full wp-image-1790\" alt=\"\" srcset=\"https:\/\/canamins.com\/wp-content\/uploads\/tablet_fr-2.jpg 986w, https:\/\/canamins.com\/wp-content\/uploads\/tablet_fr-2-768x294.jpg 768w\" sizes=\"(max-width: 986px) 100vw, 986px\" \/>\t\t\t\t\t\t\t\t\t\t\t\t\t\t\t<\/div>\n\t\t\t\t<\/div>\n\t\t<div class=\"elementor-element elementor-element-16e2c44 e-con-full e-flex e-con e-parent\" data-id=\"16e2c44\" data-element_type=\"container\" data-e-type=\"container\">\n\t\t\t\t<div class=\"elementor-element elementor-element-caa5162 elementor-widget elementor-widget-heading\" data-id=\"caa5162\" data-element_type=\"widget\" data-e-type=\"widget\" data-widget_type=\"heading.default\">\n\t\t\t\t<div class=\"elementor-widget-container\">\n\t\t\t\t\t<h2 class=\"elementor-heading-title elementor-size-default\">CampusCare<sup>MC<\/sup><\/h2>\t\t\t\t<\/div>\n\t\t\t\t<\/div>\n\t\t\t\t<div class=\"elementor-element elementor-element-d1484c7 elementor-widget elementor-widget-text-editor\" data-id=\"d1484c7\" data-element_type=\"widget\" data-e-type=\"widget\" data-widget_type=\"text-editor.default\">\n\t\t\t\t<div class=\"elementor-widget-container\">\n\t\t\t\t\t\t\t\t\tLe programme <a href=\"https:\/\/www.campuscare.ca\/fr\/index.html\" target=\"_blank\" rel=\"noopener\">CampusCare<sup>MC<\/sup><\/a> procure une assurance maladie aux \u00e9tudiants \u00e9trangers qui \u00e9tudient au Canada. Il comprend un r\u00e9gime d\u2019assurance complet et d\u2019autres garanties comme l\u2019assurance frais de scolarit\u00e9 exclusive et la bourse CampusCare<sup>MC<\/sup> .\t\t\t\t\t\t\t\t<\/div>\n\t\t\t\t<\/div>\n\t\t\t\t<div class=\"elementor-element elementor-element-13e8d76 elementor-widget elementor-widget-heading\" data-id=\"13e8d76\" data-element_type=\"widget\" data-e-type=\"widget\" data-widget_type=\"heading.default\">\n\t\t\t\t<div class=\"elementor-widget-container\">\n\t\t\t\t\t<h2 class=\"elementor-heading-title elementor-size-default\">En coulisses<\/h2>\t\t\t\t<\/div>\n\t\t\t\t<\/div>\n\t\t\t\t<div class=\"elementor-element elementor-element-fe6a9e2 elementor-widget elementor-widget-text-editor\" data-id=\"fe6a9e2\" data-element_type=\"widget\" data-e-type=\"widget\" data-widget_type=\"text-editor.default\">\n\t\t\t\t<div class=\"elementor-widget-container\">\n\t\t\t\t\t\t\t\t\tLe service de gestion de programmes de CanAm fait appel au soutien d\u2019un centre d\u2019appels, \u00e0 des outils de vente en ligne, \u00e0 des options libre-service et \u00e0 l\u2019analyse des tendances. Nous offrons \u00e9galement des modules d\u2019extension Web, des analyses fond\u00e9es sur des donn\u00e9es et un soutien en mati\u00e8re de ventes, de service et de r\u00e8glement enti\u00e8rement personnalis\u00e9.\n<ul>\n \t<li>En partenariat avec <a class=\"blue-link\" href=\"https:\/\/www.active-care.ca\/fr\/\" target=\"_blank\" rel=\"noopener\">Active Care Management<\/a> (ACM), CanAm offre un acc\u00e8s imm\u00e9diat \u00e0 des sp\u00e9cialistes de l\u2019assistance m\u00e9dicale n\u2019importe quand et n\u2019importe o\u00f9 dans le monde. L\u2019\u00e9quipe d\u2019ACM dispense les conseils et les soins n\u00e9cessaires aux clients confront\u00e9s \u00e0 une situation d\u2019urgence en voyage.<\/li>\n<\/ul>\t\t\t\t\t\t\t\t<\/div>\n\t\t\t\t<\/div>\n\t\t\t\t<\/div>\n\t\t\t\t\t<\/div>\n\t\t\t\t<\/div>\n\t\t\t\t<\/div>\n\t\t","protected":false},"excerpt":{"rendered":"<p>Solutions d&rsquo;affaires Nos solutions d\u2019affaires et de groupe donnent un nouveau souffle \u00e0 votre offre de services d\u2019assurance voyage. Service \u00e0 la client\u00e8le CanAm propose les services de courtiers bilingues et un syst\u00e8me t\u00e9l\u00e9phonique int\u00e9gr\u00e9, ce qui simplifie la communication. Soucieuses des besoins du client, nos \u00e9quipes enregistrent tous les appels afin d\u2019assurer la qualit\u00e9 [&hellip;]<\/p>\n","protected":false},"author":2,"featured_media":0,"parent":0,"menu_order":0,"comment_status":"closed","ping_status":"closed","template":"","meta":{"footnotes":""},"class_list":["post-1861","page","type-page","status-publish","hentry"],"_links":{"self":[{"href":"https:\/\/canamins.com\/fr\/wp-json\/wp\/v2\/pages\/1861","targetHints":{"allow":["GET"]}}],"collection":[{"href":"https:\/\/canamins.com\/fr\/wp-json\/wp\/v2\/pages"}],"about":[{"href":"https:\/\/canamins.com\/fr\/wp-json\/wp\/v2\/types\/page"}],"author":[{"embeddable":true,"href":"https:\/\/canamins.com\/fr\/wp-json\/wp\/v2\/users\/2"}],"replies":[{"embeddable":true,"href":"https:\/\/canamins.com\/fr\/wp-json\/wp\/v2\/comments?post=1861"}],"version-history":[{"count":14,"href":"https:\/\/canamins.com\/fr\/wp-json\/wp\/v2\/pages\/1861\/revisions"}],"predecessor-version":[{"id":1958,"href":"https:\/\/canamins.com\/fr\/wp-json\/wp\/v2\/pages\/1861\/revisions\/1958"}],"wp:attachment":[{"href":"https:\/\/canamins.com\/fr\/wp-json\/wp\/v2\/media?parent=1861"}],"curies":[{"name":"wp","href":"https:\/\/api.w.org\/{rel}","templated":true}]}}