{"id":1878,"date":"2023-04-25T18:04:05","date_gmt":"2023-04-25T18:04:05","guid":{"rendered":"https:\/\/canamins.switch.makemagik.com\/principes-de-conduite\/"},"modified":"2023-05-02T17:25:54","modified_gmt":"2023-05-02T17:25:54","slug":"principes-de-conduite","status":"publish","type":"page","link":"https:\/\/canamins.com\/fr\/principes-de-conduite\/","title":{"rendered":"Principes de conduite"},"content":{"rendered":"\t\t<div data-elementor-type=\"wp-page\" data-elementor-id=\"1878\" class=\"elementor elementor-1878 elementor-1519\" data-elementor-post-type=\"page\">\n\t\t\t\t<div class=\"elementor-element elementor-element-b7fca09 e-flex e-con-boxed e-con e-parent\" data-id=\"b7fca09\" data-element_type=\"container\" data-e-type=\"container\" data-settings=\"{&quot;background_background&quot;:&quot;classic&quot;}\">\n\t\t\t\t\t<div class=\"e-con-inner\">\n\t\t\t\t<div class=\"elementor-element elementor-element-21ac63c elementor-widget__width-initial elementor-widget elementor-widget-heading\" data-id=\"21ac63c\" data-element_type=\"widget\" data-e-type=\"widget\" data-widget_type=\"heading.default\">\n\t\t\t\t<div class=\"elementor-widget-container\">\n\t\t\t\t\t<h1 class=\"elementor-heading-title elementor-size-default\">Principes de conduite<\/h1>\t\t\t\t<\/div>\n\t\t\t\t<\/div>\n\t\t\t\t\t<\/div>\n\t\t\t\t<\/div>\n\t\t<div class=\"elementor-element elementor-element-52dc709 e-flex e-con-boxed e-con e-parent\" data-id=\"52dc709\" data-element_type=\"container\" data-e-type=\"container\">\n\t\t\t\t\t<div class=\"e-con-inner\">\n\t\t\t\t<div class=\"elementor-element elementor-element-db30ed2 elementor-widget__width-inherit elementor-widget elementor-widget-text-editor\" data-id=\"db30ed2\" data-element_type=\"widget\" data-e-type=\"widget\" data-widget_type=\"text-editor.default\">\n\t\t\t\t<div class=\"elementor-widget-container\">\n\t\t\t\t\t\t\t\t\t<p style=\"font-weight: 400; letter-spacing: normal; margin-right: 0px; margin-bottom: 10px; margin-left: 0px; font-family: Gudea, sans-serif; color: #6b6b6b; font-size: 15px;\">Chez CanAm Services d\u2019assurance (2018) LIMIT\u00c9E, nous nous effor\u00e7ons de fournir des services \u00e9thiques et professionnels \u00e0 tous nos clients. Nous sommes fiers de notre engagement \u00e0 respecter et \u00e0 rester en conformit\u00e9 avec les normes \u00e9lev\u00e9es de l\u2019Organisme canadien de r\u00e9glementation en assurance (OCRA) et des Courtiers d&rsquo;assurance inscrits de l&rsquo;Ontario (CAIO).<\/p><p style=\"font-weight: 400; letter-spacing: normal; margin-right: 0px; margin-bottom: 10px; margin-left: 0px; font-family: Gudea, sans-serif; color: #6b6b6b; font-size: 15px;\">Pour acc\u00e9der aux Principes de conduite de l\u2019OCRA et \u00e0 la fiche d&rsquo;information du CAIO, cliquez sur les liens ci-dessous :<\/p><ul style=\"font-weight: 400; letter-spacing: normal; margin-bottom: 10px; font-family: Gudea, sans-serif; color: #6b6b6b; font-size: 15px;\"><li><a class=\"blue-link\" style=\"color: #5a8ebe; font-family: Gudea, sans-serif;\" href=\"https:\/\/canamins.com\/wp-content\/uploads\/CISRO-FR.pdf\" target=\"_blank\" rel=\"noopener\">Principes de conduite de l\u2019OCRA<\/a><\/li><li><a class=\"blue-link\" style=\"color: #5a8ebe; font-family: Gudea, sans-serif;\" href=\"https:\/\/canamins.com\/wp-content\/uploads\/RIBO-FR.pdf\" target=\"_blank\" rel=\"noopener\">Feuillet d\u2019information du CAIO<\/a><\/li><\/ul>\t\t\t\t\t\t\t\t<\/div>\n\t\t\t\t<\/div>\n\t\t\t\t\t<\/div>\n\t\t\t\t<\/div>\n\t\t\t\t<\/div>\n\t\t","protected":false},"excerpt":{"rendered":"<p>Principes de conduite Chez CanAm Services d\u2019assurance (2018) LIMIT\u00c9E, nous nous effor\u00e7ons de fournir des services \u00e9thiques et professionnels \u00e0 tous nos clients. Nous sommes fiers de notre engagement \u00e0 respecter et \u00e0 rester en conformit\u00e9 avec les normes \u00e9lev\u00e9es de l\u2019Organisme canadien de r\u00e9glementation en assurance (OCRA) et des Courtiers d&rsquo;assurance inscrits de l&rsquo;Ontario [&hellip;]<\/p>\n","protected":false},"author":2,"featured_media":0,"parent":0,"menu_order":0,"comment_status":"closed","ping_status":"closed","template":"","meta":{"footnotes":""},"class_list":["post-1878","page","type-page","status-publish","hentry"],"_links":{"self":[{"href":"https:\/\/canamins.com\/fr\/wp-json\/wp\/v2\/pages\/1878","targetHints":{"allow":["GET"]}}],"collection":[{"href":"https:\/\/canamins.com\/fr\/wp-json\/wp\/v2\/pages"}],"about":[{"href":"https:\/\/canamins.com\/fr\/wp-json\/wp\/v2\/types\/page"}],"author":[{"embeddable":true,"href":"https:\/\/canamins.com\/fr\/wp-json\/wp\/v2\/users\/2"}],"replies":[{"embeddable":true,"href":"https:\/\/canamins.com\/fr\/wp-json\/wp\/v2\/comments?post=1878"}],"version-history":[{"count":4,"href":"https:\/\/canamins.com\/fr\/wp-json\/wp\/v2\/pages\/1878\/revisions"}],"predecessor-version":[{"id":1937,"href":"https:\/\/canamins.com\/fr\/wp-json\/wp\/v2\/pages\/1878\/revisions\/1937"}],"wp:attachment":[{"href":"https:\/\/canamins.com\/fr\/wp-json\/wp\/v2\/media?parent=1878"}],"curies":[{"name":"wp","href":"https:\/\/api.w.org\/{rel}","templated":true}]}}