{"id":1901,"date":"2023-04-25T13:17:10","date_gmt":"2023-04-25T13:17:10","guid":{"rendered":"https:\/\/canamins.switch.makemagik.com\/taux\/"},"modified":"2023-05-11T18:28:58","modified_gmt":"2023-05-11T18:28:58","slug":"taux","status":"publish","type":"page","link":"https:\/\/canamins.com\/fr\/taux\/","title":{"rendered":"Taux"},"content":{"rendered":"\t\t<div data-elementor-type=\"wp-page\" data-elementor-id=\"1901\" class=\"elementor elementor-1901 elementor-1280\" data-elementor-post-type=\"page\">\n\t\t\t\t<div class=\"elementor-element elementor-element-b7fca09 e-flex e-con-boxed e-con e-parent\" data-id=\"b7fca09\" data-element_type=\"container\" data-e-type=\"container\" data-settings=\"{&quot;background_background&quot;:&quot;classic&quot;}\">\n\t\t\t\t\t<div class=\"e-con-inner\">\n\t\t\t\t<div class=\"elementor-element elementor-element-21ac63c elementor-widget__width-initial elementor-widget elementor-widget-heading\" data-id=\"21ac63c\" data-element_type=\"widget\" data-e-type=\"widget\" data-widget_type=\"heading.default\">\n\t\t\t\t<div class=\"elementor-widget-container\">\n\t\t\t\t\t<h1 class=\"elementor-heading-title elementor-size-default\">Applications de prolongation de voyage TravelWell<sup>MC<\/sup>\n<\/h1>\t\t\t\t<\/div>\n\t\t\t\t<\/div>\n\t\t\t\t\t<\/div>\n\t\t\t\t<\/div>\n\t\t<div class=\"elementor-element elementor-element-52dc709 e-flex e-con-boxed e-con e-parent\" data-id=\"52dc709\" data-element_type=\"container\" data-e-type=\"container\">\n\t\t\t\t\t<div class=\"e-con-inner\">\n\t\t<div class=\"elementor-element elementor-element-61927da e-con-full e-flex e-con e-parent\" data-id=\"61927da\" data-element_type=\"container\" data-e-type=\"container\">\n\t\t\t\t<div class=\"elementor-element elementor-element-db30ed2 elementor-widget elementor-widget-text-editor\" data-id=\"db30ed2\" data-element_type=\"widget\" data-e-type=\"widget\" data-widget_type=\"text-editor.default\">\n\t\t\t\t<div class=\"elementor-widget-container\">\n\t\t\t\t\t\t\t\t\t<p><strong><span style=\"color: #5a8ebe;\">Adresse<br \/><\/span><\/strong>CanAm Services<br \/>C.P. 62, succursale A<br \/>Windsor, ON<br \/>N9A 6J5<\/p><p><span style=\"color: #5a8ebe;\"><strong>T\u00e9l\u00e9phone<\/strong> <br \/><\/span>1-877-717-7267<\/p><p><span style=\"color: #5a8ebe;\"><strong>T\u00e9l\u00e9copieur<\/strong> <br \/><\/span>1-519-974-5885<\/p>\t\t\t\t\t\t\t\t<\/div>\n\t\t\t\t<\/div>\n\t\t\t\t<\/div>\n\t\t<div class=\"elementor-element elementor-element-3a9e548 e-con-full e-flex e-con e-parent\" data-id=\"3a9e548\" data-element_type=\"container\" data-e-type=\"container\">\n\t\t\t\t<div class=\"elementor-element elementor-element-838cc84 elementor-widget elementor-widget-text-editor\" data-id=\"838cc84\" data-element_type=\"widget\" data-e-type=\"widget\" data-widget_type=\"text-editor.default\">\n\t\t\t\t<div class=\"elementor-widget-container\">\n\t\t\t\t\t\t\t\t\t<p>Communiquez avec CanAm pour traiter les demandes de prolongation de voyage TravelWell par t\u00e9l\u00e9phone au 1 877 717-7267 ou utilisez l&rsquo;une des applications ci-dessous.<\/p><ul><li><a href=\"https:\/\/canamins.com\/wp-content\/uploads\/180378_PrimeLink_Travel_Policy_All_Inclusive_EN_AODA_v2.pdf\" target=\"_blank\" rel=\"noopener\">PrimeLink Universel<sup>MC<\/sup> Politique d&rsquo;assurance voyage hors province<\/a>\u00a0(PDF anglais seulement)<\/li><li><a href=\"https:\/\/canamins.com\/wp-content\/uploads\/Travelwell_Trip_Extension_Application.pdf\">Demande de prolongation de voyage\u00a0<\/a>(PDF anglais seulement)<\/li><li><a href=\"https:\/\/canamins.com\/wp-content\/uploads\/180378_PrimeLink_OCM_Rate_Card_EN_AODA_v1.pdf\">Carte tarifaire de prolongation de voyage<\/a>\u00a0(PDF anglais seulement)<\/li><\/ul>\t\t\t\t\t\t\t\t<\/div>\n\t\t\t\t<\/div>\n\t\t\t\t<div class=\"elementor-element elementor-element-ff28f97 elementor-widget elementor-widget-text-editor\" data-id=\"ff28f97\" data-element_type=\"widget\" data-e-type=\"widget\" data-widget_type=\"text-editor.default\">\n\t\t\t\t<div class=\"elementor-widget-container\">\n\t\t\t\t\t\t\t\t\t<h3><span style=\"color: #5a8ebe;\">Renseignements importants<\/span><\/h3>\n<ul>\n<li>Une p\u00e9riode de stabilit\u00e9 est requise pour tous les plans. Si vous avez des questions ou des inqui\u00e9tudes \u00e0 ce sujet, contactez CanAm ou reportez-vous au libell\u00e9 de la police. <\/li>\n<li>Les extensions apr\u00e8s le d\u00e9part ne sont d\u00e9livr\u00e9es que si aucun sinistre n&rsquo;est survenu dans le cadre de la police existante et qu&rsquo;il n&rsquo;y a pas d&rsquo;intention de sinistre.<\/li>\n<li>Le voyage, y compris la prolongation, ne peut exc\u00e9der 183 jours (212 jours si votre client r\u00e9side en Ontario ou \u00e0 Terre-Neuve), sauf si la province a autoris\u00e9 une prolongation du r\u00e9gime public d&rsquo;assurance maladie du client.<\/li>\n<li>La couverture n&rsquo;est pas engag\u00e9e tant que la police n&rsquo;a pas \u00e9t\u00e9 approuv\u00e9e par CanAm Insurance. La couverture n&rsquo;est pas li\u00e9e par t\u00e9l\u00e9copie. <\/li>\n<\/ul>\n\t\t\t\t\t\t\t\t<\/div>\n\t\t\t\t<\/div>\n\t\t\t\t<div class=\"elementor-element elementor-element-24dc29d elementor-widget elementor-widget-text-editor\" data-id=\"24dc29d\" data-element_type=\"widget\" data-e-type=\"widget\" data-widget_type=\"text-editor.default\">\n\t\t\t\t<div class=\"elementor-widget-container\">\n\t\t\t\t\t\t\t\t\t<h3><span style=\"color: #5a8ebe;\">Remboursements<\/span><\/h3>\n<h4>Remboursement avant le d\u00e9part<\/h4>\n<p>Si vous avez souscrit un plan m\u00e9dical d&rsquo;urgence, vous pouvez annuler votre police avant la date de d\u00e9part pr\u00e9vue (la date de votre premier voyage si vous avez souscrit un plan m\u00e9dical d&rsquo;urgence multivoyage). Les remboursements ne sont pas possibles pour les plans \u00abtout inclus\u00bb. <\/p>\n<h4>Remboursement apr\u00e8s le d\u00e9part<\/h4>\n<p>Si vous rentrez chez vous avant la date de retour pr\u00e9vue dans votre confirmation et que vous n&rsquo;avez pas eu de r\u00e9clamation, vous pouvez demander le remboursement de la prime (minimum 25 $) pour les jours de couverture non utilis\u00e9s de votre voyage. Il vous suffit de nous appeler pour nous donner les d\u00e9tails de votre retour anticip\u00e9. Les remboursements ne sont pas disponibles pour les formules \u00abtout inclus\u00bb et \u00abvoyages multiples\u00bb.  <\/p>\n<p>CanAm offre de multiples options de produits pour les extensions. Appelez pour vous renseigner. La couverture peut \u00e9galement \u00eatre achet\u00e9e en contactant CanAm par t\u00e9l\u00e9phone au 1 877 717-7267.  <\/p>\n\t\t\t\t\t\t\t\t<\/div>\n\t\t\t\t<\/div>\n\t\t\t\t<\/div>\n\t\t\t\t\t<\/div>\n\t\t\t\t<\/div>\n\t\t\t\t<\/div>\n\t\t","protected":false},"excerpt":{"rendered":"<p>Applications de prolongation de voyage TravelWellMC AdresseCanAm ServicesC.P. 62, succursale AWindsor, ONN9A 6J5 T\u00e9l\u00e9phone 1-877-717-7267 T\u00e9l\u00e9copieur 1-519-974-5885 Communiquez avec CanAm pour traiter les demandes de prolongation de voyage TravelWell par t\u00e9l\u00e9phone au 1 877 717-7267 ou utilisez l&rsquo;une des applications ci-dessous. PrimeLink UniverselMC Politique d&rsquo;assurance voyage hors province\u00a0(PDF anglais seulement) Demande de prolongation de voyage\u00a0(PDF [&hellip;]<\/p>\n","protected":false},"author":2,"featured_media":0,"parent":0,"menu_order":0,"comment_status":"closed","ping_status":"closed","template":"","meta":{"footnotes":""},"class_list":["post-1901","page","type-page","status-publish","hentry"],"_links":{"self":[{"href":"https:\/\/canamins.com\/fr\/wp-json\/wp\/v2\/pages\/1901","targetHints":{"allow":["GET"]}}],"collection":[{"href":"https:\/\/canamins.com\/fr\/wp-json\/wp\/v2\/pages"}],"about":[{"href":"https:\/\/canamins.com\/fr\/wp-json\/wp\/v2\/types\/page"}],"author":[{"embeddable":true,"href":"https:\/\/canamins.com\/fr\/wp-json\/wp\/v2\/users\/2"}],"replies":[{"embeddable":true,"href":"https:\/\/canamins.com\/fr\/wp-json\/wp\/v2\/comments?post=1901"}],"version-history":[{"count":18,"href":"https:\/\/canamins.com\/fr\/wp-json\/wp\/v2\/pages\/1901\/revisions"}],"predecessor-version":[{"id":1995,"href":"https:\/\/canamins.com\/fr\/wp-json\/wp\/v2\/pages\/1901\/revisions\/1995"}],"wp:attachment":[{"href":"https:\/\/canamins.com\/fr\/wp-json\/wp\/v2\/media?parent=1901"}],"curies":[{"name":"wp","href":"https:\/\/api.w.org\/{rel}","templated":true}]}}